{"id":1572,"date":"2019-12-23T10:16:34","date_gmt":"2019-12-23T10:16:34","guid":{"rendered":"https:\/\/www.nautical-center.com\/?page_id=1572"},"modified":"2023-01-09T13:36:54","modified_gmt":"2023-01-09T13:36:54","slug":"transport-plovila","status":"publish","type":"page","link":"https:\/\/www.nautical-center.com\/de\/transport-plovila\/","title":{"rendered":"Transport"},"content":{"rendered":"<p>[vc_row equal_height=&#8220;yes&#8220; content_placement=&#8220;top&#8220; css=&#8220;.vc_custom_1576831952714{padding-top: 100px !important;}&#8220;][vc_column width=&#8220;1\/6&#8243; css=&#8220;.vc_custom_1571477821281{padding-bottom: 30px !important;}&#8220;][\/vc_column][vc_column width=&#8220;2\/3&#8243;]<div id=\"ultimate-heading-101669e58030434b8\" class=\"uvc-heading ult-adjust-bottom-margin ultimate-heading-101669e58030434b8 uvc-8584 \" data-hspacer=\"no_spacer\"  data-halign=\"center\" style=\"text-align:center\"><div class=\"uvc-heading-spacer no_spacer\" style=\"top\"><\/div><div class=\"uvc-main-heading ult-responsive\"  data-ultimate-target='.uvc-heading.ultimate-heading-101669e58030434b8 h1'  data-responsive-json-new='{\"font-size\":\"tablet_portrait:34px;\",\"line-height\":\"tablet_portrait:44px;\"}' ><h1 style=\"--font-weight:theme;margin-bottom:20px;\">Transport von Schiffen f\u00fcr Vertragskunden der Trockenmarina<\/h1><\/div><\/div><div class=\"hr-thin style-double\" style=\"width: 70px;border-color: #2e2b36;border-top-width: 6px;\"><\/div>[\/vc_column][vc_column width=&#8220;1\/6&#8243;][\/vc_column][\/vc_row][vc_row equal_height=&#8220;yes&#8220; content_placement=&#8220;top&#8220; css=&#8220;.vc_custom_1577096458667{padding-top: 60px !important;padding-bottom: 80px !important;}&#8220;][vc_column width=&#8220;1\/2&#8243;][vc_column_text]<\/p>\n<h4>Den Transport der Boote \u00fcbernehmen wir:<\/h4>\n<p>[\/vc_column_text]<div class=\"standard-arrow bullet-top\"><ul>\n<li>Mit Ihrem Anh\u00e4nger (Boote bis 5 Tonnen Brutto Gewicht)<\/li>\n<li>Mit unserem Anh\u00e4nger (Boote bis 5 Tonnen Brutto Gewicht)<\/li>\n<li>Mit LKW und Tiefladeanh\u00e4nger, der speziell f\u00fcr Boote mit einer L\u00e4nge bis 15 m und mit einem Gewicht bis 20 t entwickelt w\u00fcrde.<\/li>\n<li>Schwer- und Spezialtransporte.<\/li>\n<\/ul>\n<\/div>[\/vc_column][vc_column width=&#8220;1\/2&#8243; css=&#8220;.vc_custom_1571477821281{padding-bottom: 30px !important;}&#8220;][vc_column_text]<\/p>\n<h5>Wir sind mit einem Kran mit der Tragf\u00e4higkeit von bis zu 20 Tonnen ausgestattet, der f\u00fcr den Umschlag von Schiffen innerhalb der Trockenmarina verwendet wird.<\/h5>\n<h5>Nach Bedarf k\u00f6nnen wir auch Schiffe und Yachten bis zu 20 Tonnen innerhalb Kroatiens,\u00a0transportieren.<\/h5>\n<p>[\/vc_column_text][\/vc_column][\/vc_row][vc_row full_width=&#8220;stretch_row_content_no_spaces&#8220; gap=&#8220;35&#8243; equal_height=&#8220;yes&#8220; content_placement=&#8220;top&#8220;][vc_column]<style type=\"text\/css\" data-type=\"the7_shortcodes-inline-css\">.gallery-shortcode.gallery-photos-masonry-shortcode-id-602194bcf67c3151da14ff568e094666 figure,\n.gallery-shortcode.gallery-photos-masonry-shortcode-id-602194bcf67c3151da14ff568e094666 .rollover,\n.gallery-shortcode.gallery-photos-masonry-shortcode-id-602194bcf67c3151da14ff568e094666 img,\n.gallery-shortcode.gallery-photos-masonry-shortcode-id-602194bcf67c3151da14ff568e094666 .gallery-rollover {\n  border-radius: 0px;\n}\n.gallery-shortcode.gallery-photos-masonry-shortcode-id-602194bcf67c3151da14ff568e094666.enable-bg-rollover .gallery-rollover {\n  background: -webkit-linear-gradient();\n  background: linear-gradient();\n}\n.gallery-shortcode.gallery-photos-masonry-shortcode-id-602194bcf67c3151da14ff568e094666.enable-bg-rollover.hover-scale .rollover:after {\n  background: -webkit-linear-gradient();\n  background: linear-gradient();\n}\n.gallery-shortcode.gallery-photos-masonry-shortcode-id-602194bcf67c3151da14ff568e094666 .gallery-zoom-ico {\n  width: 40px;\n  height: 40px;\n  line-height: 40px;\n  border-radius: 100px;\n  margin: -20px 0 0 -20px;\n  border-width: 0px;\n}\n.dt-icon-bg-on.gallery-shortcode.gallery-photos-masonry-shortcode-id-602194bcf67c3151da14ff568e094666 .gallery-zoom-ico {\n  background: rgba(255,255,255,0.3);\n  -webkit-box-shadow: none;\n  box-shadow: none;\n}\n.gallery-shortcode.gallery-photos-masonry-shortcode-id-602194bcf67c3151da14ff568e094666 .gallery-zoom-ico:before,\n.gallery-shortcode.gallery-photos-masonry-shortcode-id-602194bcf67c3151da14ff568e094666 .gallery-zoom-ico span {\n  font-size: 40px;\n  line-height: 40px;\n  color: #ffffff;\n}\n.gallery-shortcode.gallery-photos-masonry-shortcode-id-602194bcf67c3151da14ff568e094666:not(.resize-by-browser-width) .dt-css-grid {\n  grid-row-gap: 2px;\n  grid-column-gap: 2px;\n  grid-template-columns: repeat(auto-fill,minmax(,1fr));\n}\n.gallery-shortcode.gallery-photos-masonry-shortcode-id-602194bcf67c3151da14ff568e094666:not(.resize-by-browser-width) .dt-css-grid .double-width {\n  grid-column: span 2;\n}\n.cssgridlegacy.no-cssgrid .gallery-shortcode.gallery-photos-masonry-shortcode-id-602194bcf67c3151da14ff568e094666:not(.resize-by-browser-width) .dt-css-grid,\n.no-cssgridlegacy.no-cssgrid .gallery-shortcode.gallery-photos-masonry-shortcode-id-602194bcf67c3151da14ff568e094666:not(.resize-by-browser-width) .dt-css-grid {\n  display: flex;\n  flex-flow: row wrap;\n  margin: -1px;\n}\n.cssgridlegacy.no-cssgrid .gallery-shortcode.gallery-photos-masonry-shortcode-id-602194bcf67c3151da14ff568e094666:not(.resize-by-browser-width) .dt-css-grid .wf-cell,\n.no-cssgridlegacy.no-cssgrid .gallery-shortcode.gallery-photos-masonry-shortcode-id-602194bcf67c3151da14ff568e094666:not(.resize-by-browser-width) .dt-css-grid .wf-cell {\n  flex: 1 0 ;\n  max-width: 100%;\n  padding: 1px;\n  box-sizing: border-box;\n}\n.gallery-shortcode.gallery-photos-masonry-shortcode-id-602194bcf67c3151da14ff568e094666.resize-by-browser-width .dt-css-grid {\n  grid-template-columns: repeat(3,1fr);\n  grid-template-rows: auto;\n  grid-column-gap: 2px;\n  grid-row-gap: 2px;\n}\n.gallery-shortcode.gallery-photos-masonry-shortcode-id-602194bcf67c3151da14ff568e094666.resize-by-browser-width .dt-css-grid .double-width {\n  grid-column: span 2;\n}\n.cssgridlegacy.no-cssgrid .gallery-shortcode.gallery-photos-masonry-shortcode-id-602194bcf67c3151da14ff568e094666.resize-by-browser-width .dt-css-grid {\n  margin: -1px;\n}\n.cssgridlegacy.no-cssgrid .gallery-shortcode.gallery-photos-masonry-shortcode-id-602194bcf67c3151da14ff568e094666.resize-by-browser-width .dt-css-grid .wf-cell {\n  width: 33.333333333333%;\n  padding: 1px;\n}\n.cssgridlegacy.no-cssgrid .gallery-shortcode.gallery-photos-masonry-shortcode-id-602194bcf67c3151da14ff568e094666.resize-by-browser-width .dt-css-grid .wf-cell.double-width {\n  width: calc(33.333333333333%) * 2;\n}\n.gallery-shortcode.gallery-photos-masonry-shortcode-id-602194bcf67c3151da14ff568e094666.resize-by-browser-width:not(.centered-layout-list):not(.content-bg-on) .dt-css-grid {\n  grid-row-gap: 2px - ;\n}\n@media screen and (max-width: 1199px) {\n  .gallery-shortcode.gallery-photos-masonry-shortcode-id-602194bcf67c3151da14ff568e094666.resize-by-browser-width .dt-css-grid {\n    grid-template-columns: repeat(3,1fr);\n  }\n  .cssgridlegacy.no-cssgrid .gallery-shortcode.gallery-photos-masonry-shortcode-id-602194bcf67c3151da14ff568e094666.resize-by-browser-width .dt-css-grid .wf-cell,\n  .no-cssgridlegacy.no-cssgrid .gallery-shortcode.gallery-photos-masonry-shortcode-id-602194bcf67c3151da14ff568e094666.resize-by-browser-width .dt-css-grid .wf-cell {\n    width: 33.333333333333%;\n  }\n  .cssgridlegacy.no-cssgrid .gallery-shortcode.gallery-photos-masonry-shortcode-id-602194bcf67c3151da14ff568e094666.resize-by-browser-width .dt-css-grid .wf-cell.double-width,\n  .no-cssgridlegacy.no-cssgrid .gallery-shortcode.gallery-photos-masonry-shortcode-id-602194bcf67c3151da14ff568e094666.resize-by-browser-width .dt-css-grid .wf-cell.double-width {\n    width: calc(33.333333333333%)*2;\n  }\n}\n@media screen and (max-width: 991px) {\n  .gallery-shortcode.gallery-photos-masonry-shortcode-id-602194bcf67c3151da14ff568e094666.resize-by-browser-width .dt-css-grid {\n    grid-template-columns: repeat(3,1fr);\n  }\n  .cssgridlegacy.no-cssgrid .gallery-shortcode.gallery-photos-masonry-shortcode-id-602194bcf67c3151da14ff568e094666.resize-by-browser-width .dt-css-grid .wf-cell,\n  .no-cssgridlegacy.no-cssgrid .gallery-shortcode.gallery-photos-masonry-shortcode-id-602194bcf67c3151da14ff568e094666.resize-by-browser-width .dt-css-grid .wf-cell {\n    width: 33.333333333333%;\n  }\n  .cssgridlegacy.no-cssgrid .gallery-shortcode.gallery-photos-masonry-shortcode-id-602194bcf67c3151da14ff568e094666.resize-by-browser-width .dt-css-grid .wf-cell.double-width,\n  .no-cssgridlegacy.no-cssgrid .gallery-shortcode.gallery-photos-masonry-shortcode-id-602194bcf67c3151da14ff568e094666.resize-by-browser-width .dt-css-grid .wf-cell.double-width {\n    width: calc(33.333333333333%)*2;\n  }\n}\n@media screen and (max-width: 767px) {\n  .gallery-shortcode.gallery-photos-masonry-shortcode-id-602194bcf67c3151da14ff568e094666.resize-by-browser-width .dt-css-grid {\n    grid-template-columns: repeat(2,1fr);\n  }\n  .cssgridlegacy.no-cssgrid .gallery-shortcode.gallery-photos-masonry-shortcode-id-602194bcf67c3151da14ff568e094666.resize-by-browser-width .dt-css-grid .wf-cell,\n  .no-cssgridlegacy.no-cssgrid .gallery-shortcode.gallery-photos-masonry-shortcode-id-602194bcf67c3151da14ff568e094666.resize-by-browser-width .dt-css-grid .wf-cell {\n    width: 50%;\n  }\n  .cssgridlegacy.no-cssgrid .gallery-shortcode.gallery-photos-masonry-shortcode-id-602194bcf67c3151da14ff568e094666.resize-by-browser-width .dt-css-grid .wf-cell.double-width,\n  .no-cssgridlegacy.no-cssgrid .gallery-shortcode.gallery-photos-masonry-shortcode-id-602194bcf67c3151da14ff568e094666.resize-by-browser-width .dt-css-grid .wf-cell.double-width {\n    width: calc(50%)*2;\n  }\n}\n<\/style><div class=\"gallery-shortcode album-gallery-shortcode dt-gallery-container gallery-photos-masonry-shortcode-id-602194bcf67c3151da14ff568e094666 mode-grid jquery-filter dt-icon-bg-off scale-img dt-css-grid-wrap enable-bg-rollover resize-by-browser-width  hover-fade loading-effect-none description-on-hover\" data-padding=\"1px\" data-cur-page=\"1\" data-post-limit=\"-1\" data-pagination-mode=\"none\" data-desktop-columns-num=\"3\" data-v-tablet-columns-num=\"3\" data-h-tablet-columns-num=\"3\" data-phone-columns-num=\"2\" data-width=\"0px\" data-columns=\"0\"><div class=\"dt-css-grid\" ><div class=\"visible wf-cell\" data-post-id=\"2763\" data-date=\"2023-01-09T13:40:05+00:00\" data-name=\"20221020_123315\"><article class=\"post visible post-2763 attachment type-attachment status-inherit hentry no-img\"><a href=\"https:\/\/www.nautical-center.com\/wp-content\/uploads\/2019\/12\/20221020_123315-scaled.jpg\" class=\"rollover-click-target rollover dt-pswp-item layzr-bg\" title=\"20221020_123315\" data-dt-img-description=\"\"  data-large_image_width=\"2560\" data-large_image_height = \"2560\" ><img class=\"preload-me iso-lazy-load\" src=\"data:image\/svg+xml,%3Csvg%20xmlns%3D&#39;http%3A%2F%2Fwww.w3.org%2F2000%2Fsvg&#39;%20viewBox%3D&#39;0%200%20383%20255&#39;%2F%3E\" data-src=\"https:\/\/www.nautical-center.com\/wp-content\/uploads\/2019\/12\/20221020_123315-scaled-383x255.jpg\" data-srcset=\"https:\/\/www.nautical-center.com\/wp-content\/uploads\/2019\/12\/20221020_123315-scaled-383x255.jpg 383w, https:\/\/www.nautical-center.com\/wp-content\/uploads\/2019\/12\/20221020_123315-scaled-575x383.jpg 575w\" alt=\"20221020_123315\" width=\"383\" height=\"255\"  \/><span class=\"gallery-rollover\"><span class=\"gallery-zoom-ico icomoon-the7-font-the7-plus-04\"><span><\/span><\/span><\/span><\/a><\/article><\/div><div class=\"visible wf-cell\" data-post-id=\"2762\" data-date=\"2023-01-09T13:38:53+00:00\" data-name=\"vilicar_Gabelstapler\"><article class=\"post visible post-2762 attachment type-attachment status-inherit hentry no-img\"><a href=\"https:\/\/www.nautical-center.com\/wp-content\/uploads\/2019\/12\/vilicar_Gabelstapler.jpg\" class=\"rollover-click-target rollover dt-pswp-item layzr-bg\" title=\"vilicar_Gabelstapler\" data-dt-img-description=\"\"  data-large_image_width=\"2000\" data-large_image_height = \"1500\" ><img class=\"preload-me iso-lazy-load\" src=\"data:image\/svg+xml,%3Csvg%20xmlns%3D&#39;http%3A%2F%2Fwww.w3.org%2F2000%2Fsvg&#39;%20viewBox%3D&#39;0%200%20383%20255&#39;%2F%3E\" data-src=\"https:\/\/www.nautical-center.com\/wp-content\/uploads\/2019\/12\/vilicar_Gabelstapler-383x255.jpg\" data-srcset=\"https:\/\/www.nautical-center.com\/wp-content\/uploads\/2019\/12\/vilicar_Gabelstapler-383x255.jpg 383w, https:\/\/www.nautical-center.com\/wp-content\/uploads\/2019\/12\/vilicar_Gabelstapler-575x383.jpg 575w\" alt=\"vilicar_Gabelstapler\" width=\"383\" height=\"255\"  \/><span class=\"gallery-rollover\"><span class=\"gallery-zoom-ico icomoon-the7-font-the7-plus-04\"><span><\/span><\/span><\/span><\/a><\/article><\/div><div class=\"visible wf-cell\" data-post-id=\"2761\" data-date=\"2023-01-09T13:37:48+00:00\" data-name=\"izvanredni_prijevoz_special_transportation (3)\"><article class=\"post visible post-2761 attachment type-attachment status-inherit hentry no-img\"><a href=\"https:\/\/www.nautical-center.com\/wp-content\/uploads\/2019\/12\/izvanredni_prijevoz_special_transportation-3.jpg\" class=\"rollover-click-target rollover dt-pswp-item layzr-bg\" title=\"izvanredni_prijevoz_special_transportation (3)\" data-dt-img-description=\"\"  data-large_image_width=\"1899\" data-large_image_height = \"1496\" ><img class=\"preload-me iso-lazy-load\" src=\"data:image\/svg+xml,%3Csvg%20xmlns%3D&#39;http%3A%2F%2Fwww.w3.org%2F2000%2Fsvg&#39;%20viewBox%3D&#39;0%200%20383%20255&#39;%2F%3E\" data-src=\"https:\/\/www.nautical-center.com\/wp-content\/uploads\/2019\/12\/izvanredni_prijevoz_special_transportation-3-383x255.jpg\" data-srcset=\"https:\/\/www.nautical-center.com\/wp-content\/uploads\/2019\/12\/izvanredni_prijevoz_special_transportation-3-383x255.jpg 383w, https:\/\/www.nautical-center.com\/wp-content\/uploads\/2019\/12\/izvanredni_prijevoz_special_transportation-3-575x383.jpg 575w\" alt=\"izvanredni_prijevoz_special_transportation (3)\" width=\"383\" height=\"255\"  \/><span class=\"gallery-rollover\"><span class=\"gallery-zoom-ico icomoon-the7-font-the7-plus-04\"><span><\/span><\/span><\/span><\/a><\/article><\/div><div class=\"visible wf-cell\" data-post-id=\"2764\" data-date=\"2023-01-09T13:52:19+00:00\" data-name=\"20221020_122618\"><article class=\"post visible post-2764 attachment type-attachment status-inherit hentry no-img\"><a href=\"https:\/\/www.nautical-center.com\/wp-content\/uploads\/2019\/12\/20221020_122618-scaled.jpg\" class=\"rollover-click-target rollover dt-pswp-item layzr-bg\" title=\"20221020_122618\" data-dt-img-description=\"\"  data-large_image_width=\"2560\" data-large_image_height = \"2560\" ><img class=\"preload-me iso-lazy-load\" src=\"data:image\/svg+xml,%3Csvg%20xmlns%3D&#39;http%3A%2F%2Fwww.w3.org%2F2000%2Fsvg&#39;%20viewBox%3D&#39;0%200%20383%20255&#39;%2F%3E\" data-src=\"https:\/\/www.nautical-center.com\/wp-content\/uploads\/2019\/12\/20221020_122618-scaled-383x255.jpg\" data-srcset=\"https:\/\/www.nautical-center.com\/wp-content\/uploads\/2019\/12\/20221020_122618-scaled-383x255.jpg 383w, https:\/\/www.nautical-center.com\/wp-content\/uploads\/2019\/12\/20221020_122618-scaled-575x383.jpg 575w\" alt=\"20221020_122618\" width=\"383\" height=\"255\"  \/><span class=\"gallery-rollover\"><span class=\"gallery-zoom-ico icomoon-the7-font-the7-plus-04\"><span><\/span><\/span><\/span><\/a><\/article><\/div><div class=\"visible wf-cell\" data-post-id=\"2765\" data-date=\"2023-01-09T14:01:59+00:00\" data-name=\"NCL-ISPRED\"><article class=\"post visible post-2765 attachment type-attachment status-inherit hentry no-img\"><a href=\"https:\/\/www.nautical-center.com\/wp-content\/uploads\/2019\/12\/NCL-ISPRED.jpg\" class=\"rollover-click-target rollover dt-pswp-item layzr-bg\" title=\"NCL-ISPRED\" data-dt-img-description=\"\"  data-large_image_width=\"680\" data-large_image_height = \"510\" ><img class=\"preload-me iso-lazy-load\" src=\"data:image\/svg+xml,%3Csvg%20xmlns%3D&#39;http%3A%2F%2Fwww.w3.org%2F2000%2Fsvg&#39;%20viewBox%3D&#39;0%200%20383%20255&#39;%2F%3E\" data-src=\"https:\/\/www.nautical-center.com\/wp-content\/uploads\/2019\/12\/NCL-ISPRED-383x255.jpg\" data-srcset=\"https:\/\/www.nautical-center.com\/wp-content\/uploads\/2019\/12\/NCL-ISPRED-383x255.jpg 383w, https:\/\/www.nautical-center.com\/wp-content\/uploads\/2019\/12\/NCL-ISPRED-575x383.jpg 575w\" alt=\"NCL-ISPRED\" width=\"383\" height=\"255\"  \/><span class=\"gallery-rollover\"><span class=\"gallery-zoom-ico icomoon-the7-font-the7-plus-04\"><span><\/span><\/span><\/span><\/a><\/article><\/div><div class=\"visible wf-cell\" data-post-id=\"2766\" data-date=\"2023-01-09T14:03:06+00:00\" data-name=\"2022-10-20\"><article class=\"post visible post-2766 attachment type-attachment status-inherit hentry no-img\"><a href=\"https:\/\/www.nautical-center.com\/wp-content\/uploads\/2019\/12\/2022-10-20.jpg\" class=\"rollover-click-target rollover dt-pswp-item layzr-bg\" title=\"2022-10-20\" data-dt-img-description=\"\"  data-large_image_width=\"510\" data-large_image_height = \"510\" ><img class=\"preload-me iso-lazy-load\" src=\"data:image\/svg+xml,%3Csvg%20xmlns%3D&#39;http%3A%2F%2Fwww.w3.org%2F2000%2Fsvg&#39;%20viewBox%3D&#39;0%200%20383%20255&#39;%2F%3E\" data-src=\"https:\/\/www.nautical-center.com\/wp-content\/uploads\/2019\/12\/2022-10-20-383x255.jpg\" data-srcset=\"https:\/\/www.nautical-center.com\/wp-content\/uploads\/2019\/12\/2022-10-20-383x255.jpg 383w, https:\/\/www.nautical-center.com\/wp-content\/uploads\/2019\/12\/2022-10-20-510x339.jpg 510w\" alt=\"2022-10-20\" width=\"383\" height=\"255\"  \/><span class=\"gallery-rollover\"><span class=\"gallery-zoom-ico icomoon-the7-font-the7-plus-04\"><span><\/span><\/span><\/span><\/a><\/article><\/div><\/div><!-- iso-container|iso-grid --><\/div>[\/vc_column][\/vc_row]<\/p>","protected":false},"excerpt":{"rendered":"<p>[vc_row equal_height=&#8220;yes&#8220; content_placement=&#8220;top&#8220; css=&#8220;.vc_custom_1576831952714{padding-top: 100px !important;}&#8220;][vc_column width=&#8220;1\/6&#8243; css=&#8220;.vc_custom_1571477821281{padding-bottom: 30px !important;}&#8220;][\/vc_column][vc_column width=&#8220;2\/3&#8243;][\/vc_column][vc_column width=&#8220;1\/6&#8243;][\/vc_column][\/vc_row][vc_row equal_height=&#8220;yes&#8220; content_placement=&#8220;top&#8220; css=&#8220;.vc_custom_1577096458667{padding-top: 60px !important;padding-bottom: 80px !important;}&#8220;][vc_column width=&#8220;1\/2&#8243;][vc_column_text] Den Transport der Boote \u00fcbernehmen wir: [\/vc_column_text][\/vc_column][vc_column width=&#8220;1\/2&#8243; css=&#8220;.vc_custom_1571477821281{padding-bottom: 30px !important;}&#8220;][vc_column_text] Wir sind mit einem Kran mit der Tragf\u00e4higkeit von bis zu 20 Tonnen ausgestattet, der f\u00fcr den Umschlag von Schiffen innerhalb der Trockenmarina verwendet&hellip;<\/p>\n","protected":false},"author":5,"featured_media":0,"parent":0,"menu_order":0,"comment_status":"closed","ping_status":"closed","template":"","meta":[],"yoast_head":"<!-- This site is optimized with the Yoast SEO plugin v17.8 - https:\/\/yoast.com\/wordpress\/plugins\/seo\/ -->\n<title>Transport - Nautical center Liburnija<\/title>\n<meta name=\"description\" content=\"Opremljeni smo dizalicom nosivosti do 20 tona koja slu\u017ei za prekrcaj plovila. Prijevoz plovila i jahti do 20 tona vr\u0161imo u Hrvatskoj i Europi. Saznajte vi\u0161e\" \/>\n<meta name=\"robots\" content=\"index, follow, max-snippet:-1, max-image-preview:large, max-video-preview:-1\" \/>\n<link rel=\"canonical\" href=\"https:\/\/www.nautical-center.com\/transport-plovila\/\" \/>\n<meta property=\"og:locale\" content=\"de_DE\" \/>\n<meta property=\"og:type\" content=\"article\" \/>\n<meta property=\"og:title\" content=\"[:hr]Transport plovila[:en]Transport[:de]Transport[:] - Nautical center Liburnija\" \/>\n<meta property=\"og:description\" content=\"Opremljeni smo dizalicom nosivosti do 20 tona koja slu\u017ei za prekrcaj plovila. Prijevoz plovila i jahti do 20 tona vr\u0161imo u Hrvatskoj i Europi. Saznajte vi\u0161e\" \/>\n<meta property=\"og:url\" content=\"https:\/\/www.nautical-center.com\/transport-plovila\/\" \/>\n<meta property=\"og:site_name\" content=\"Nautical center Liburnija\" \/>\n<meta property=\"article:publisher\" content=\"https:\/\/www.facebook.com\/ncliburnija\" \/>\n<meta property=\"article:modified_time\" content=\"2023-01-09T13:36:54+00:00\" \/>\n<meta name=\"twitter:card\" content=\"summary_large_image\" \/>\n<meta name=\"twitter:site\" content=\"@ncliburnija\" \/>\n<meta name=\"twitter:label1\" content=\"Gesch\u00e4tzte Lesezeit\" \/>\n\t<meta name=\"twitter:data1\" content=\"1\u00a0Minute\" \/>\n<script type=\"application\/ld+json\" class=\"yoast-schema-graph\">{\"@context\":\"https:\/\/schema.org\",\"@graph\":[{\"@type\":\"WebSite\",\"@id\":\"https:\/\/www.nautical-center.com\/#website\",\"url\":\"https:\/\/www.nautical-center.com\/\",\"name\":\"Nautical center Liburnija\",\"description\":\"Ihr liebstes nautisches Zentrum auf der Insel Krk\",\"potentialAction\":[{\"@type\":\"SearchAction\",\"target\":{\"@type\":\"EntryPoint\",\"urlTemplate\":\"https:\/\/www.nautical-center.com\/?s={search_term_string}\"},\"query-input\":\"required name=search_term_string\"}],\"inLanguage\":\"de\"},{\"@type\":\"WebPage\",\"@id\":\"https:\/\/www.nautical-center.com\/transport-plovila\/#webpage\",\"url\":\"https:\/\/www.nautical-center.com\/transport-plovila\/\",\"name\":\"[:hr]Transport plovila[:en]Transport[:de]Transport[:] - Nautical center Liburnija\",\"isPartOf\":{\"@id\":\"https:\/\/www.nautical-center.com\/#website\"},\"datePublished\":\"2019-12-23T10:16:34+00:00\",\"dateModified\":\"2023-01-09T13:36:54+00:00\",\"description\":\"Opremljeni smo dizalicom nosivosti do 20 tona koja slu\\u017ei za prekrcaj plovila. Prijevoz plovila i jahti do 20 tona vr\\u0161imo u Hrvatskoj i Europi. Saznajte vi\\u0161e\",\"breadcrumb\":{\"@id\":\"https:\/\/www.nautical-center.com\/transport-plovila\/#breadcrumb\"},\"inLanguage\":\"de\",\"potentialAction\":[{\"@type\":\"ReadAction\",\"target\":[\"https:\/\/www.nautical-center.com\/transport-plovila\/\"]}]},{\"@type\":\"BreadcrumbList\",\"@id\":\"https:\/\/www.nautical-center.com\/transport-plovila\/#breadcrumb\",\"itemListElement\":[{\"@type\":\"ListItem\",\"position\":1,\"name\":\"Home\",\"item\":\"https:\/\/www.nautical-center.com\/\"},{\"@type\":\"ListItem\",\"position\":2,\"name\":\"Transport plovila\"}]}]}<\/script>\n<!-- \/ Yoast SEO plugin. -->","yoast_head_json":{"title":"[:hr]Transport plovila[:en]Transport[:de]Transport[:] - Nautical center Liburnija","description":"Opremljeni smo dizalicom nosivosti do 20 tona koja slu\u017ei za prekrcaj plovila. Prijevoz plovila i jahti do 20 tona vr\u0161imo u Hrvatskoj i Europi. Saznajte vi\u0161e","robots":{"index":"index","follow":"follow","max-snippet":"max-snippet:-1","max-image-preview":"max-image-preview:large","max-video-preview":"max-video-preview:-1"},"canonical":"https:\/\/www.nautical-center.com\/transport-plovila\/","og_locale":"de_DE","og_type":"article","og_title":"[:hr]Transport plovila[:en]Transport[:de]Transport[:] - Nautical center Liburnija","og_description":"Opremljeni smo dizalicom nosivosti do 20 tona koja slu\u017ei za prekrcaj plovila. Prijevoz plovila i jahti do 20 tona vr\u0161imo u Hrvatskoj i Europi. Saznajte vi\u0161e","og_url":"https:\/\/www.nautical-center.com\/transport-plovila\/","og_site_name":"Nautical center Liburnija","article_publisher":"https:\/\/www.facebook.com\/ncliburnija","article_modified_time":"2023-01-09T13:36:54+00:00","twitter_card":"summary_large_image","twitter_site":"@ncliburnija","twitter_misc":{"Gesch\u00e4tzte Lesezeit":"1\u00a0Minute"},"schema":{"@context":"https:\/\/schema.org","@graph":[{"@type":"WebSite","@id":"https:\/\/www.nautical-center.com\/#website","url":"https:\/\/www.nautical-center.com\/","name":"Nautical center Liburnija","description":"Ihr liebstes nautisches Zentrum auf der Insel Krk","potentialAction":[{"@type":"SearchAction","target":{"@type":"EntryPoint","urlTemplate":"https:\/\/www.nautical-center.com\/?s={search_term_string}"},"query-input":"required name=search_term_string"}],"inLanguage":"de"},{"@type":"WebPage","@id":"https:\/\/www.nautical-center.com\/transport-plovila\/#webpage","url":"https:\/\/www.nautical-center.com\/transport-plovila\/","name":"[:hr]Transport plovila[:en]Transport[:de]Transport[:] - Nautical center Liburnija","isPartOf":{"@id":"https:\/\/www.nautical-center.com\/#website"},"datePublished":"2019-12-23T10:16:34+00:00","dateModified":"2023-01-09T13:36:54+00:00","description":"Opremljeni smo dizalicom nosivosti do 20 tona koja slu\u017ei za prekrcaj plovila. Prijevoz plovila i jahti do 20 tona vr\u0161imo u Hrvatskoj i Europi. Saznajte vi\u0161e","breadcrumb":{"@id":"https:\/\/www.nautical-center.com\/transport-plovila\/#breadcrumb"},"inLanguage":"de","potentialAction":[{"@type":"ReadAction","target":["https:\/\/www.nautical-center.com\/transport-plovila\/"]}]},{"@type":"BreadcrumbList","@id":"https:\/\/www.nautical-center.com\/transport-plovila\/#breadcrumb","itemListElement":[{"@type":"ListItem","position":1,"name":"Home","item":"https:\/\/www.nautical-center.com\/"},{"@type":"ListItem","position":2,"name":"Transport plovila"}]}]}},"_links":{"self":[{"href":"https:\/\/www.nautical-center.com\/de\/wp-json\/wp\/v2\/pages\/1572"}],"collection":[{"href":"https:\/\/www.nautical-center.com\/de\/wp-json\/wp\/v2\/pages"}],"about":[{"href":"https:\/\/www.nautical-center.com\/de\/wp-json\/wp\/v2\/types\/page"}],"author":[{"embeddable":true,"href":"https:\/\/www.nautical-center.com\/de\/wp-json\/wp\/v2\/users\/5"}],"replies":[{"embeddable":true,"href":"https:\/\/www.nautical-center.com\/de\/wp-json\/wp\/v2\/comments?post=1572"}],"version-history":[{"count":5,"href":"https:\/\/www.nautical-center.com\/de\/wp-json\/wp\/v2\/pages\/1572\/revisions"}],"predecessor-version":[{"id":2760,"href":"https:\/\/www.nautical-center.com\/de\/wp-json\/wp\/v2\/pages\/1572\/revisions\/2760"}],"wp:attachment":[{"href":"https:\/\/www.nautical-center.com\/de\/wp-json\/wp\/v2\/media?parent=1572"}],"curies":[{"name":"wp","href":"https:\/\/api.w.org\/{rel}","templated":true}]}}