{"id":1483,"date":"2019-12-04T10:11:16","date_gmt":"2019-12-04T10:11:16","guid":{"rendered":"https:\/\/www.nautical-center.com\/?page_id=1483"},"modified":"2025-10-24T05:46:03","modified_gmt":"2025-10-24T05:46:03","slug":"kontakt","status":"publish","type":"page","link":"https:\/\/www.nautical-center.com\/en\/kontakt\/","title":{"rendered":"Contact"},"content":{"rendered":"<p>[vc_row full_width=&#8221;stretch_row_content_no_spaces&#8221; equal_height=&#8221;yes&#8221; content_placement=&#8221;top&#8221;][vc_column width=&#8221;1\/2&#8243; css=&#8221;.vc_custom_1575454415187{padding-top: 70px !important;padding-right: 70px !important;padding-bottom: 40px !important;padding-left: 70px !important;background-color: #ffffff !important;}&#8221;]<div id=\"ultimate-heading-612869e72ad18e2c0\" class=\"uvc-heading ult-adjust-bottom-margin ultimate-heading-612869e72ad18e2c0 uvc-4522  uvc-heading-default-font-sizes\" data-hspacer=\"no_spacer\"  data-halign=\"left\" style=\"text-align:left\"><div class=\"uvc-heading-spacer no_spacer\" style=\"top\"><\/div><div class=\"uvc-main-heading ult-responsive\"  data-ultimate-target='.uvc-heading.ultimate-heading-612869e72ad18e2c0 h3'  data-responsive-json-new='{\"font-size\":\"\",\"line-height\":\"\"}' ><h3 style=\"--font-weight:theme;margin-bottom:30px;\">Our location<\/h3><\/div><\/div>[vc_column_text]<iframe loading=\"lazy\" style=\"border: 0;\" src=\"https:\/\/www.google.com\/maps\/embed?pb=!1m18!1m12!1m3!1d79946.64930355079!2d14.51877243106962!3d45.211968112102475!2m3!1f0!2f0!3f0!3m2!1i1024!2i768!4f13.1!3m3!1m2!1s0x4763632b37cd2811%3A0xce4cd7acc57b6337!2sNAUTI%C4%8CKI%20CENTAR%20LIBURNIJA%20D.O.O.!5e0!3m2!1shr!2shr!4v1575453822025!5m2!1shr!2shr\" width=\"750\" height=\"430\" frameborder=\"0\" allowfullscreen=\"allowfullscreen\"><\/iframe>[\/vc_column_text][\/vc_column][vc_column width=&#8221;1\/2&#8243; css=&#8221;.vc_custom_1575457676153{padding-top: 70px !important;padding-right: 70px !important;padding-bottom: 40px !important;padding-left: 70px !important;background-color: #f4f4f4 !important;}&#8221;]<div id=\"ultimate-heading-591269e72ad18e2e1\" class=\"uvc-heading ult-adjust-bottom-margin ultimate-heading-591269e72ad18e2e1 uvc-1204  uvc-heading-default-font-sizes\" data-hspacer=\"no_spacer\"  data-halign=\"left\" style=\"text-align:left\"><div class=\"uvc-heading-spacer no_spacer\" style=\"top\"><\/div><div class=\"uvc-main-heading ult-responsive\"  data-ultimate-target='.uvc-heading.ultimate-heading-591269e72ad18e2e1 h3'  data-responsive-json-new='{\"font-size\":\"\",\"line-height\":\"\"}' ><h3 style=\"--font-weight:theme;margin-bottom:30px;\">Contact info<\/h3><\/div><div class=\"uvc-sub-heading ult-responsive\"  data-ultimate-target='.uvc-heading.ultimate-heading-591269e72ad18e2e1 .uvc-sub-heading '  data-responsive-json-new='{\"font-size\":\"\",\"line-height\":\"\"}'  style=\"font-weight:normal;margin-bottom:30px;\">NAUTICAL CENTAR LIBURNIJA<\/p>\n<p>Poslovna zona Pu\u0161\u0107a 132, 51513 Omi\u0161alj<\/p>\n<p>Island Krk, Croatia<\/p>\n<p>GPS coordinates: 45\u00b013&#8217;11.2&#8243;N 14\u00b033&#8217;40.7&#8243;E<\/div><\/div>[vc_separator color=&#8221;white&#8221;]<div id=\"ultimate-heading-946269e72ad18e2fc\" class=\"uvc-heading ult-adjust-bottom-margin ultimate-heading-946269e72ad18e2fc uvc-2616  uvc-heading-default-font-sizes\" data-hspacer=\"no_spacer\"  data-halign=\"left\" style=\"text-align:left\"><div class=\"uvc-heading-spacer no_spacer\" style=\"top\"><\/div><div class=\"uvc-sub-heading ult-responsive\"  data-ultimate-target='.uvc-heading.ultimate-heading-946269e72ad18e2fc .uvc-sub-heading '  data-responsive-json-new='{\"font-size\":\"\",\"line-height\":\"\"}'  style=\"font-weight:normal;margin-bottom:30px;\"><strong>Tel<\/strong>: +385 51 413 921 \/ <strong>Mob<\/strong>: +385 99 548 79 74<\/p>\n<p>E-mail: <a href=\"mailto:info@nautical-center.com\">sales@nautical-center.com<\/a><\/p>\n<p>&nbsp;<\/p>\n<p>WINTER WORKING OFFICE HOURS (do 31.03.):<\/p>\n<p>Monday &#8211; Friday: 08:00 &#8211; 16:00<\/p>\n<p>Saturday: 08:00 &#8211; 14:00<\/p>\n<p>&nbsp;<\/p>\n<p>SUMMER WORKING MARINA HOURS (OFFICE, YACHT SERVICE, SHOP (01.April &#8211; 30.September)<\/p>\n<p>Monday &#8211; Friday: 08:00 &#8211; 19:00<\/p>\n<p>Saturday: 08:00 &#8211; 14:00<\/p>\n<p>Sunday: closed<\/p>\n<p>&nbsp;<\/p>\n<p>OIB: 76605301533<\/p>\n<p>EORI (VAT): HR76605301533<\/div><\/div>[\/vc_column][\/vc_row][vc_row full_width=&#8221;stretch_row_content_no_spaces&#8221; equal_height=&#8221;yes&#8221; content_placement=&#8221;top&#8221; el_class=&#8221;reverse-row-on-mobile&#8221;][vc_column width=&#8221;1\/2&#8243; css=&#8221;.vc_custom_1575457683538{padding-top: 70px !important;padding-right: 70px !important;padding-bottom: 40px !important;padding-left: 70px !important;background-color: #f4f4f4 !important;}&#8221;]<div id=\"ultimate-heading-518869e72ad18e312\" class=\"uvc-heading ult-adjust-bottom-margin ultimate-heading-518869e72ad18e312 uvc-8680  uvc-heading-default-font-sizes\" data-hspacer=\"no_spacer\"  data-halign=\"left\" style=\"text-align:left\"><div class=\"uvc-heading-spacer no_spacer\" style=\"top\"><\/div><div class=\"uvc-main-heading ult-responsive\"  data-ultimate-target='.uvc-heading.ultimate-heading-518869e72ad18e312 h3'  data-responsive-json-new='{\"font-size\":\"\",\"line-height\":\"\"}' ><h3 style=\"--font-weight:theme;margin-bottom:30px;\">About the company<\/h3><\/div><div class=\"uvc-sub-heading ult-responsive\"  data-ultimate-target='.uvc-heading.ultimate-heading-518869e72ad18e312 .uvc-sub-heading '  data-responsive-json-new='{\"font-size\":\"\",\"line-height\":\"\"}'  style=\"font-weight:normal;\">Nauti\u010dki centar Liburnija Ltd. registered with the court registry of the Commercial Court in Rijeka under the registry number:<br \/>\nMBS 040248155<\/p>\n<p>MB: 02369966<br \/>\nThe company share capital amounts 1.060.300,00\u00a0HRK, paid in its entirety.<\/p>\n<p>Board member &#8211; manager: Andrijana Tomi\u0107<\/p>\n<p>Raiffeisenbank Austria d.d.<br \/>\nIBAN: HR5324840081135025786<br \/>\nBIC\/SWIFT: RZBHHR2X<\/div><\/div>[\/vc_column][vc_column width=&#8221;1\/2&#8243; css=&#8221;.vc_custom_1575454467386{padding-top: 70px !important;padding-right: 70px !important;padding-bottom: 40px !important;padding-left: 70px !important;background-color: #ffffff !important;}&#8221;]<div id=\"ultimate-heading-18869e72ad18e32e\" class=\"uvc-heading ult-adjust-bottom-margin ultimate-heading-18869e72ad18e32e uvc-1160  uvc-heading-default-font-sizes\" data-hspacer=\"no_spacer\"  data-halign=\"left\" style=\"text-align:left\"><div class=\"uvc-heading-spacer no_spacer\" style=\"top\"><\/div><div class=\"uvc-main-heading ult-responsive\"  data-ultimate-target='.uvc-heading.ultimate-heading-18869e72ad18e32e h3'  data-responsive-json-new='{\"font-size\":\"\",\"line-height\":\"\"}' ><h3 style=\"--font-weight:theme;margin-bottom:30px;\">Contact us<\/h3><\/div><\/div>[vc_column_text]<div role=\"form\" class=\"wpcf7\" id=\"wpcf7-f5-o2\" lang=\"en-US\" dir=\"ltr\">\n<div class=\"screen-reader-response\"><p role=\"status\" aria-live=\"polite\" aria-atomic=\"true\"><\/p> <ul><\/ul><\/div>\n<form action=\"\/en\/wp-json\/wp\/v2\/pages\/1483#wpcf7-f5-o2\" method=\"post\" class=\"wpcf7-form init\" novalidate=\"novalidate\" data-status=\"init\">\n<div style=\"display: none;\">\n<input type=\"hidden\" name=\"_wpcf7\" value=\"5\" \/>\n<input type=\"hidden\" name=\"_wpcf7_version\" value=\"5.5.3\" \/>\n<input type=\"hidden\" name=\"_wpcf7_locale\" value=\"en_US\" \/>\n<input type=\"hidden\" name=\"_wpcf7_unit_tag\" value=\"wpcf7-f5-o2\" \/>\n<input type=\"hidden\" name=\"_wpcf7_container_post\" value=\"0\" \/>\n<input type=\"hidden\" name=\"_wpcf7_posted_data_hash\" value=\"\" \/>\n<\/div>\n<p><span class=\"wpcf7-form-control-wrap your-name\"><input type=\"text\" name=\"your-name\" value=\"\" size=\"40\" class=\"wpcf7-form-control wpcf7-text\" aria-invalid=\"false\" placeholder=\"Name*\" \/><\/span><\/p>\n<p><span class=\"wpcf7-form-control-wrap text-152\"><input type=\"text\" name=\"text-152\" value=\"\" size=\"40\" class=\"wpcf7-form-control wpcf7-text wpcf7-validates-as-required\" aria-required=\"true\" aria-invalid=\"false\" placeholder=\"Surname *\" \/><\/span><\/p>\n<p><span class=\"wpcf7-form-control-wrap your-email\"><input type=\"email\" name=\"your-email\" value=\"\" size=\"40\" class=\"wpcf7-form-control wpcf7-text wpcf7-email wpcf7-validates-as-required wpcf7-validates-as-email\" aria-required=\"true\" aria-invalid=\"false\" placeholder=\"Email *\" \/><\/span><\/p>\n<p><span class=\"wpcf7-form-control-wrap tel-741\"><input type=\"tel\" name=\"tel-741\" value=\"\" size=\"40\" class=\"wpcf7-form-control wpcf7-text wpcf7-tel wpcf7-validates-as-tel\" aria-invalid=\"false\" placeholder=\"Telephone number\" \/><\/span><\/p>\n<p><span class=\"wpcf7-form-control-wrap your-message\"><textarea name=\"your-message\" cols=\"40\" rows=\"6\" class=\"wpcf7-form-control wpcf7-textarea\" aria-invalid=\"false\" placeholder=\"Message\"><\/textarea><\/span><\/p>\n<p><input type=\"submit\" value=\"SEND\" class=\"wpcf7-form-control has-spinner wpcf7-submit\" \/><\/p>\n<div class=\"wpcf7-response-output\" aria-hidden=\"true\"><\/div><\/form><\/div>[\/vc_column_text][\/vc_column][\/vc_row]<\/p>","protected":false},"excerpt":{"rendered":"<p>[vc_row full_width=&#8221;stretch_row_content_no_spaces&#8221; equal_height=&#8221;yes&#8221; content_placement=&#8221;top&#8221;][vc_column width=&#8221;1\/2&#8243; css=&#8221;.vc_custom_1575454415187{padding-top: 70px !important;padding-right: 70px !important;padding-bottom: 40px !important;padding-left: 70px !important;background-color: #ffffff !important;}&#8221;][vc_column_text][\/vc_column_text][\/vc_column][vc_column width=&#8221;1\/2&#8243; css=&#8221;.vc_custom_1575457676153{padding-top: 70px !important;padding-right: 70px !important;padding-bottom: 40px !important;padding-left: 70px !important;background-color: #f4f4f4 !important;}&#8221;][vc_separator color=&#8221;white&#8221;][\/vc_column][\/vc_row][vc_row full_width=&#8221;stretch_row_content_no_spaces&#8221; equal_height=&#8221;yes&#8221; content_placement=&#8221;top&#8221; el_class=&#8221;reverse-row-on-mobile&#8221;][vc_column width=&#8221;1\/2&#8243; css=&#8221;.vc_custom_1575457683538{padding-top: 70px !important;padding-right: 70px !important;padding-bottom: 40px !important;padding-left: 70px !important;background-color: #f4f4f4 !important;}&#8221;][\/vc_column][vc_column width=&#8221;1\/2&#8243; css=&#8221;.vc_custom_1575454467386{padding-top: 70px !important;padding-right: 70px !important;padding-bottom: 40px !important;padding-left: 70px !important;background-color:&hellip;<\/p>\n","protected":false},"author":5,"featured_media":0,"parent":0,"menu_order":0,"comment_status":"closed","ping_status":"closed","template":"","meta":[],"yoast_head":"<!-- This site is optimized with the Yoast SEO plugin v17.8 - https:\/\/yoast.com\/wordpress\/plugins\/seo\/ -->\n<title>Contact - Nautical center Liburnija<\/title>\n<meta name=\"description\" content=\"Kod nas \u0107ete prona\u0107i sve \u0161to vam je potrebno za va\u0161e plovilo kako biste opu\u0161teno u\u017eivali prije, za vrijeme i nakon va\u0161eg odmora. Kontaktirajte nas!\" \/>\n<meta name=\"robots\" content=\"index, follow, max-snippet:-1, max-image-preview:large, max-video-preview:-1\" \/>\n<link rel=\"canonical\" href=\"https:\/\/www.nautical-center.com\/kontakt\/\" \/>\n<meta property=\"og:locale\" content=\"en_US\" \/>\n<meta property=\"og:type\" content=\"article\" \/>\n<meta property=\"og:title\" content=\"[:hr]Kontakt[:en]Contact[:de]Kontakt[:] - Nautical center Liburnija\" \/>\n<meta property=\"og:description\" content=\"Kod nas \u0107ete prona\u0107i sve \u0161to vam je potrebno za va\u0161e plovilo kako biste opu\u0161teno u\u017eivali prije, za vrijeme i nakon va\u0161eg odmora. Kontaktirajte nas!\" \/>\n<meta property=\"og:url\" content=\"https:\/\/www.nautical-center.com\/kontakt\/\" \/>\n<meta property=\"og:site_name\" content=\"Nautical center Liburnija\" \/>\n<meta property=\"article:publisher\" content=\"https:\/\/www.facebook.com\/ncliburnija\" \/>\n<meta property=\"article:modified_time\" content=\"2025-10-24T05:46:03+00:00\" \/>\n<meta name=\"twitter:card\" content=\"summary_large_image\" \/>\n<meta name=\"twitter:site\" content=\"@ncliburnija\" \/>\n<meta name=\"twitter:label1\" content=\"Est. reading time\" \/>\n\t<meta name=\"twitter:data1\" content=\"1 minute\" \/>\n<script type=\"application\/ld+json\" class=\"yoast-schema-graph\">{\"@context\":\"https:\/\/schema.org\",\"@graph\":[{\"@type\":\"WebSite\",\"@id\":\"https:\/\/www.nautical-center.com\/#website\",\"url\":\"https:\/\/www.nautical-center.com\/\",\"name\":\"Nautical center Liburnija\",\"description\":\"Your favorite nautical center on island Krk\",\"potentialAction\":[{\"@type\":\"SearchAction\",\"target\":{\"@type\":\"EntryPoint\",\"urlTemplate\":\"https:\/\/www.nautical-center.com\/?s={search_term_string}\"},\"query-input\":\"required name=search_term_string\"}],\"inLanguage\":\"en-US\"},{\"@type\":\"WebPage\",\"@id\":\"https:\/\/www.nautical-center.com\/kontakt\/#webpage\",\"url\":\"https:\/\/www.nautical-center.com\/kontakt\/\",\"name\":\"[:hr]Kontakt[:en]Contact[:de]Kontakt[:] - Nautical center Liburnija\",\"isPartOf\":{\"@id\":\"https:\/\/www.nautical-center.com\/#website\"},\"datePublished\":\"2019-12-04T10:11:16+00:00\",\"dateModified\":\"2025-10-24T05:46:03+00:00\",\"description\":\"Kod nas \\u0107ete prona\\u0107i sve \\u0161to vam je potrebno za va\\u0161e plovilo kako biste opu\\u0161teno u\\u017eivali prije, za vrijeme i nakon va\\u0161eg odmora. Kontaktirajte nas!\",\"breadcrumb\":{\"@id\":\"https:\/\/www.nautical-center.com\/kontakt\/#breadcrumb\"},\"inLanguage\":\"en-US\",\"potentialAction\":[{\"@type\":\"ReadAction\",\"target\":[\"https:\/\/www.nautical-center.com\/kontakt\/\"]}]},{\"@type\":\"BreadcrumbList\",\"@id\":\"https:\/\/www.nautical-center.com\/kontakt\/#breadcrumb\",\"itemListElement\":[{\"@type\":\"ListItem\",\"position\":1,\"name\":\"Home\",\"item\":\"https:\/\/www.nautical-center.com\/\"},{\"@type\":\"ListItem\",\"position\":2,\"name\":\"Kontakt\"}]}]}<\/script>\n<!-- \/ Yoast SEO plugin. -->","yoast_head_json":{"title":"[:hr]Kontakt[:en]Contact[:de]Kontakt[:] - Nautical center Liburnija","description":"Kod nas \u0107ete prona\u0107i sve \u0161to vam je potrebno za va\u0161e plovilo kako biste opu\u0161teno u\u017eivali prije, za vrijeme i nakon va\u0161eg odmora. Kontaktirajte nas!","robots":{"index":"index","follow":"follow","max-snippet":"max-snippet:-1","max-image-preview":"max-image-preview:large","max-video-preview":"max-video-preview:-1"},"canonical":"https:\/\/www.nautical-center.com\/kontakt\/","og_locale":"en_US","og_type":"article","og_title":"[:hr]Kontakt[:en]Contact[:de]Kontakt[:] - Nautical center Liburnija","og_description":"Kod nas \u0107ete prona\u0107i sve \u0161to vam je potrebno za va\u0161e plovilo kako biste opu\u0161teno u\u017eivali prije, za vrijeme i nakon va\u0161eg odmora. Kontaktirajte nas!","og_url":"https:\/\/www.nautical-center.com\/kontakt\/","og_site_name":"Nautical center Liburnija","article_publisher":"https:\/\/www.facebook.com\/ncliburnija","article_modified_time":"2025-10-24T05:46:03+00:00","twitter_card":"summary_large_image","twitter_site":"@ncliburnija","twitter_misc":{"Est. reading time":"1 minute"},"schema":{"@context":"https:\/\/schema.org","@graph":[{"@type":"WebSite","@id":"https:\/\/www.nautical-center.com\/#website","url":"https:\/\/www.nautical-center.com\/","name":"Nautical center Liburnija","description":"Your favorite nautical center on island Krk","potentialAction":[{"@type":"SearchAction","target":{"@type":"EntryPoint","urlTemplate":"https:\/\/www.nautical-center.com\/?s={search_term_string}"},"query-input":"required name=search_term_string"}],"inLanguage":"en-US"},{"@type":"WebPage","@id":"https:\/\/www.nautical-center.com\/kontakt\/#webpage","url":"https:\/\/www.nautical-center.com\/kontakt\/","name":"[:hr]Kontakt[:en]Contact[:de]Kontakt[:] - Nautical center Liburnija","isPartOf":{"@id":"https:\/\/www.nautical-center.com\/#website"},"datePublished":"2019-12-04T10:11:16+00:00","dateModified":"2025-10-24T05:46:03+00:00","description":"Kod nas \u0107ete prona\u0107i sve \u0161to vam je potrebno za va\u0161e plovilo kako biste opu\u0161teno u\u017eivali prije, za vrijeme i nakon va\u0161eg odmora. Kontaktirajte nas!","breadcrumb":{"@id":"https:\/\/www.nautical-center.com\/kontakt\/#breadcrumb"},"inLanguage":"en-US","potentialAction":[{"@type":"ReadAction","target":["https:\/\/www.nautical-center.com\/kontakt\/"]}]},{"@type":"BreadcrumbList","@id":"https:\/\/www.nautical-center.com\/kontakt\/#breadcrumb","itemListElement":[{"@type":"ListItem","position":1,"name":"Home","item":"https:\/\/www.nautical-center.com\/"},{"@type":"ListItem","position":2,"name":"Kontakt"}]}]}},"_links":{"self":[{"href":"https:\/\/www.nautical-center.com\/en\/wp-json\/wp\/v2\/pages\/1483"}],"collection":[{"href":"https:\/\/www.nautical-center.com\/en\/wp-json\/wp\/v2\/pages"}],"about":[{"href":"https:\/\/www.nautical-center.com\/en\/wp-json\/wp\/v2\/types\/page"}],"author":[{"embeddable":true,"href":"https:\/\/www.nautical-center.com\/en\/wp-json\/wp\/v2\/users\/5"}],"replies":[{"embeddable":true,"href":"https:\/\/www.nautical-center.com\/en\/wp-json\/wp\/v2\/comments?post=1483"}],"version-history":[{"count":6,"href":"https:\/\/www.nautical-center.com\/en\/wp-json\/wp\/v2\/pages\/1483\/revisions"}],"predecessor-version":[{"id":3030,"href":"https:\/\/www.nautical-center.com\/en\/wp-json\/wp\/v2\/pages\/1483\/revisions\/3030"}],"wp:attachment":[{"href":"https:\/\/www.nautical-center.com\/en\/wp-json\/wp\/v2\/media?parent=1483"}],"curies":[{"name":"wp","href":"https:\/\/api.w.org\/{rel}","templated":true}]}}